{"id":70,"date":"2016-08-12T16:00:55","date_gmt":"2016-08-12T14:00:55","guid":{"rendered":"http:\/\/ubac.be\/?page_id=70"},"modified":"2019-08-06T14:04:07","modified_gmt":"2019-08-06T12:04:07","slug":"souvenirs","status":"publish","type":"page","link":"https:\/\/ubac.be\/?page_id=70","title":{"rendered":"Souvenirs 2017"},"content":{"rendered":"\n<figure class=\"wp-block-image is-resized\"><img decoding=\"async\" loading=\"lazy\" src=\"https:\/\/ubac.be\/wp-content\/uploads\/2019\/08\/20170826_1311390-1024x768.jpg\" alt=\"\" class=\"wp-image-194\" width=\"432\" height=\"324\" srcset=\"https:\/\/ubac.be\/wp-content\/uploads\/2019\/08\/20170826_1311390-1024x768.jpg 1024w, https:\/\/ubac.be\/wp-content\/uploads\/2019\/08\/20170826_1311390-300x225.jpg 300w, https:\/\/ubac.be\/wp-content\/uploads\/2019\/08\/20170826_1311390-768x576.jpg 768w\" sizes=\"(max-width: 432px) 100vw, 432px\" \/><figcaption>Vall\u00e9e de La Clar\u00e9e, Brian\u00e7onnais, France<\/figcaption><\/figure>\n\n\n\n<figure class=\"wp-block-image is-resized\"><img decoding=\"async\" loading=\"lazy\" src=\"https:\/\/ubac.be\/wp-content\/uploads\/2019\/08\/20170826_140233-1024x768.jpg\" alt=\"\" class=\"wp-image-195\" width=\"437\" height=\"328\" srcset=\"https:\/\/ubac.be\/wp-content\/uploads\/2019\/08\/20170826_140233-1024x768.jpg 1024w, https:\/\/ubac.be\/wp-content\/uploads\/2019\/08\/20170826_140233-300x225.jpg 300w, https:\/\/ubac.be\/wp-content\/uploads\/2019\/08\/20170826_140233-768x576.jpg 768w\" sizes=\"(max-width: 437px) 100vw, 437px\" \/><figcaption> Vall\u00e9e de La Clar\u00e9e, Brian\u00e7onnais, France <\/figcaption><\/figure>\n\n\n\n<figure class=\"wp-block-image is-resized\"><img decoding=\"async\" loading=\"lazy\" src=\"https:\/\/ubac.be\/wp-content\/uploads\/2019\/08\/20170827_104742-1024x768.jpg\" alt=\"\" class=\"wp-image-196\" width=\"442\" height=\"332\" srcset=\"https:\/\/ubac.be\/wp-content\/uploads\/2019\/08\/20170827_104742-1024x768.jpg 1024w, https:\/\/ubac.be\/wp-content\/uploads\/2019\/08\/20170827_104742-300x225.jpg 300w, https:\/\/ubac.be\/wp-content\/uploads\/2019\/08\/20170827_104742-768x576.jpg 768w\" sizes=\"(max-width: 442px) 100vw, 442px\" \/><figcaption> Vall\u00e9e de La Clar\u00e9e, Brian\u00e7onnais, France <\/figcaption><\/figure>\n\n\n<p>\u00a0<\/p>\n<div id=\"attachment_91\" style=\"width: 285px\" class=\"wp-caption alignnone\"><a href=\"https:\/\/ubac.be\/wp-content\/uploads\/2016\/08\/BuboBubo.jpg\"><img aria-describedby=\"caption-attachment-91\" decoding=\"async\" loading=\"lazy\" class=\"size-medium wp-image-91\" src=\"https:\/\/ubac.be\/wp-content\/uploads\/2016\/08\/BuboBubo-275x300.jpg\" alt=\"\" width=\"275\" height=\"300\" srcset=\"https:\/\/ubac.be\/wp-content\/uploads\/2016\/08\/BuboBubo-275x300.jpg 275w, https:\/\/ubac.be\/wp-content\/uploads\/2016\/08\/BuboBubo.jpg 476w\" sizes=\"(max-width: 275px) 100vw, 275px\" \/><\/a><p id=\"caption-attachment-91\" class=\"wp-caption-text\">Bubo bubo juv.\u00a0(Belgique -2017)<\/p><\/div>\n<p>\u00a0<\/p>\n\n\nCapra ibex (Vercors &#8211; France &#8211; 2016)\n\n<p>\u00a0<\/p>\n<p>\u00a0<\/p>\n<p>\u00a0<\/p>\n<p>\u00a0<\/p>\n<p>\u00a0<\/p>\n<p>\u00a0<\/p>\n\n","protected":false},"excerpt":{"rendered":"<figure class=\"wp-block-image is-resized\"><img decoding=\"async\" loading=\"lazy\" src=\"https:\/\/ubac.be\/wp-content\/uploads\/2019\/08\/20170826_1311390-1024x768.jpg\" alt=\"\" class=\"wp-image-194\" width=\"432\" height=\"324\" srcset=\"https:\/\/ubac.be\/wp-content\/uploads\/2019\/08\/20170826_1311390-1024x768.jpg 1024w, https:\/\/ubac.be\/wp-content\/uploads\/2019\/08\/20170826_1311390-300x225.jpg 300w, https:\/\/ubac.be\/wp-content\/uploads\/2019\/08\/20170826_1311390-768x576.jpg 768w\" sizes=\"(max-width: 432px) 100vw, 432px\" \/><figcaption>Vall\u00e9e de La Clar\u00e9e, Brian\u00e7onnais, France<\/figcaption><\/figure>\n<figure class=\"wp-block-image is-resized\"><img decoding=\"async\" loading=\"lazy\" src=\"https:\/\/ubac.be\/wp-content\/uploads\/2019\/08\/20170826_140233-1024x768.jpg\" alt=\"\" class=\"wp-image-195\" width=\"437\" height=\"328\" srcset=\"https:\/\/ubac.be\/wp-content\/uploads\/2019\/08\/20170826_140233-1024x768.jpg 1024w, https:\/\/ubac.be\/wp-content\/uploads\/2019\/08\/20170826_140233-300x225.jpg 300w, https:\/\/ubac.be\/wp-content\/uploads\/2019\/08\/20170826_140233-768x576.jpg 768w\" sizes=\"(max-width: 437px) 100vw, 437px\" \/><figcaption> Vall\u00e9e de La Clar\u00e9e, Brian\u00e7onnais, France <\/figcaption><\/figure>\n<figure class=\"wp-block-image is-resized\"><img decoding=\"async\" loading=\"lazy\" src=\"https:\/\/ubac.be\/wp-content\/uploads\/2019\/08\/20170827_104742-1024x768.jpg\" alt=\"\" class=\"wp-image-196\" width=\"442\" height=\"332\" srcset=\"https:\/\/ubac.be\/wp-content\/uploads\/2019\/08\/20170827_104742-1024x768.jpg 1024w, https:\/\/ubac.be\/wp-content\/uploads\/2019\/08\/20170827_104742-300x225.jpg 300w, https:\/\/ubac.be\/wp-content\/uploads\/2019\/08\/20170827_104742-768x576.jpg 768w\" sizes=\"(max-width: 442px) 100vw, 442px\" \/><figcaption> Vall\u00e9e de La Clar\u00e9e, Brian\u00e7onnais, France <\/figcaption><\/figure>\n<p>\u00a0<\/p>\n<p class=\"excerpt-link\"><a href=\"https:\/\/ubac.be\/?page_id=70\">&sim;&nbsp;Continue Reading&nbsp;&sim;<\/a><\/p>\n","protected":false},"author":1,"featured_media":0,"parent":0,"menu_order":0,"comment_status":"closed","ping_status":"closed","template":"","meta":{"footnotes":""},"_links":{"self":[{"href":"https:\/\/ubac.be\/index.php?rest_route=\/wp\/v2\/pages\/70"}],"collection":[{"href":"https:\/\/ubac.be\/index.php?rest_route=\/wp\/v2\/pages"}],"about":[{"href":"https:\/\/ubac.be\/index.php?rest_route=\/wp\/v2\/types\/page"}],"author":[{"embeddable":true,"href":"https:\/\/ubac.be\/index.php?rest_route=\/wp\/v2\/users\/1"}],"replies":[{"embeddable":true,"href":"https:\/\/ubac.be\/index.php?rest_route=%2Fwp%2Fv2%2Fcomments&post=70"}],"version-history":[{"count":11,"href":"https:\/\/ubac.be\/index.php?rest_route=\/wp\/v2\/pages\/70\/revisions"}],"predecessor-version":[{"id":198,"href":"https:\/\/ubac.be\/index.php?rest_route=\/wp\/v2\/pages\/70\/revisions\/198"}],"wp:attachment":[{"href":"https:\/\/ubac.be\/index.php?rest_route=%2Fwp%2Fv2%2Fmedia&parent=70"}],"curies":[{"name":"wp","href":"https:\/\/api.w.org\/{rel}","templated":true}]}}